{"id":62,"date":"2020-05-26T21:20:49","date_gmt":"2020-05-26T21:20:49","guid":{"rendered":"https:\/\/pk543.anzubei.net\/?page_id=62"},"modified":"2023-10-21T23:20:08","modified_gmt":"2023-10-21T23:20:08","slug":"startseite","status":"publish","type":"page","link":"http:\/\/www.olekwitt.de\/de\/","title":{"rendered":"Startseite"},"content":{"rendered":"\n<h2 class=\"has-text-align-center\">Szymborska Projekt<\/h2>\n\n\n\n<div class=\"wp-container-1 wp-block-group\"><div class=\"wp-block-group__inner-container\">\n<figure class=\"wp-block-image size-large is-resized\"><img loading=\"lazy\" src=\"https:\/\/www.olekwitt.de\/wp-content\/uploads\/2023\/10\/Kopia-_-Kopia-_-Hauptstr.-Performance-5-1-566x800.jpg\" alt=\"\" class=\"wp-image-775\" width=\"566\" height=\"800\" srcset=\"https:\/\/www.olekwitt.de\/wp-content\/uploads\/2023\/10\/Kopia-_-Kopia-_-Hauptstr.-Performance-5-1-566x800.jpg 566w, https:\/\/www.olekwitt.de\/wp-content\/uploads\/2023\/10\/Kopia-_-Kopia-_-Hauptstr.-Performance-5-1-212x300.jpg 212w, https:\/\/www.olekwitt.de\/wp-content\/uploads\/2023\/10\/Kopia-_-Kopia-_-Hauptstr.-Performance-5-1-768x1086.jpg 768w, https:\/\/www.olekwitt.de\/wp-content\/uploads\/2023\/10\/Kopia-_-Kopia-_-Hauptstr.-Performance-5-1-1086x1536.jpg 1086w, https:\/\/www.olekwitt.de\/wp-content\/uploads\/2023\/10\/Kopia-_-Kopia-_-Hauptstr.-Performance-5-1.jpg 1414w\" sizes=\"(max-width: 566px) 100vw, 566px\" \/><figcaption><mark style=\"background-color:rgba(0, 0, 0, 0)\" class=\"has-inline-color has-black-color\"><strong>Szymborska Projekt<br>\u00a0Hauptstra\u00dfe 42, DRESDEN<br>In einem leerstehenden Raum erforschten verschiedenen K\u00fcnstlerinnen zwei Wochen lang die Gedichte der polnischen Nobelpreistr\u00e4gerin Wislawa Szymborska. Nach dem Konzept von Olek Witt entstanden w\u00e4hrend dieser Zeit beeindruckende Tableaus vivant, Installationen und kurze Choreografien.<br><br>Durch die Kombination von Tanz, Rezitationen und Live-Musik wurde eine fesselnde Performance geschaffen, in der die tiefgr\u00fcndigen und oft philosophischen Gedanken von Szymborska mit dem Publikum am 22.10.23 geteilt werden. Ein einzigartiges und einmaliges Kunstwerk, in dem die Leere mit Poesie gef\u00fcllt wird.<\/strong><\/mark><\/figcaption><\/figure>\n<\/div><\/div>\n\n\n\n<div class=\"wp-block-image\"><figure class=\"aligncenter size-large\"><img loading=\"lazy\" width=\"566\" height=\"800\" src=\"https:\/\/www.olekwitt.de\/wp-content\/uploads\/2023\/08\/Szymborska-Projekt-am-27.08.23-1-566x800.jpg\" alt=\"\" class=\"wp-image-762\" srcset=\"https:\/\/www.olekwitt.de\/wp-content\/uploads\/2023\/08\/Szymborska-Projekt-am-27.08.23-1-566x800.jpg 566w, https:\/\/www.olekwitt.de\/wp-content\/uploads\/2023\/08\/Szymborska-Projekt-am-27.08.23-1-212x300.jpg 212w, https:\/\/www.olekwitt.de\/wp-content\/uploads\/2023\/08\/Szymborska-Projekt-am-27.08.23-1-768x1086.jpg 768w, https:\/\/www.olekwitt.de\/wp-content\/uploads\/2023\/08\/Szymborska-Projekt-am-27.08.23-1-1086x1536.jpg 1086w, https:\/\/www.olekwitt.de\/wp-content\/uploads\/2023\/08\/Szymborska-Projekt-am-27.08.23-1.jpg 1414w\" sizes=\"(max-width: 566px) 100vw, 566px\" \/><\/figure><\/div>\n\n\n\n<figure class=\"wp-block-image size-large\"><img loading=\"lazy\" width=\"1024\" height=\"576\" src=\"https:\/\/www.olekwitt.de\/wp-content\/uploads\/2023\/08\/1-1-1024x576.jpg\" alt=\"\" class=\"wp-image-766\" srcset=\"https:\/\/www.olekwitt.de\/wp-content\/uploads\/2023\/08\/1-1-1024x576.jpg 1024w, https:\/\/www.olekwitt.de\/wp-content\/uploads\/2023\/08\/1-1-533x300.jpg 533w, https:\/\/www.olekwitt.de\/wp-content\/uploads\/2023\/08\/1-1-768x432.jpg 768w, https:\/\/www.olekwitt.de\/wp-content\/uploads\/2023\/08\/1-1.jpg 1473w\" sizes=\"(max-width: 1024px) 100vw, 1024px\" \/><\/figure>\n\n\n\n<div class=\"wp-container-2 wp-block-group\"><div class=\"wp-block-group__inner-container\">\n<h2 class=\"has-text-align-left\">&#8222;Un-Ruhe&#8220;  Performance<\/h2>\n<\/div><\/div>\n\n\n\n<div class=\"wp-container-3 wp-block-group\"><div class=\"wp-block-group__inner-container\">\n<h2>07.01.2023, 20 Uhr projekttheater Dresden<\/h2>\n\n\n\n<p><a href=\"https:\/\/www.projekttheater.de\/Spielplan\/2023\/Januar\/UN-RUHE.+NIE+SPOK%C3%93J._744.html\">https:\/\/www.projekttheater.de\/Spielplan\/2023\/Januar\/UN-RUHE.+NIE+SPOK%C3%93J._744.html<\/a><\/p>\n<\/div><\/div>\n\n\n\n<p><em>&#8222;Das Theater ist eine Insel in einem Meer von Angst. Fr\u00fcher gab es Alt\u00e4re, auf denen Tiere und manchmal auch Menschen geschlachtet wurden gegen die Angst. Heute haben wir Theater, um die Angst auszusprechen und um sie gemeinsam zu \u00fcberwinden.&#8220;<\/em>   Krzysztof Warlikowski.<\/p>\n\n\n<div class=\"wp-block-eedee-block-gutenslider content-change alignnone arrow-style-1 dot-style-1 hiernicht vertical-align-center\" style=\"--gutenslider-min-height: 625px;--gutenslider-arrow-size: 81px;--gutenslider-dot-size: 25px;--gutenslider-arrow-color: #ffffff;--gutenslider-dot-color: #ffffff;--gutenslider-padding-y-mobile: 40px;--gutenslider-padding-x-mobile: 40px;--gutenslider-padding-y-tablet: 40px;--gutenslider-padding-x-tablet: 40px;--gutenslider-padding-y-desktop: 40px;--gutenslider-padding-x-desktop: 40px;--gutenslider-bg-image: url();--gutenslider-min-height-md: 40vh;--gutenslider-min-height-sm: 40vh;--gutenslider-padding-x: 40px;--gutenslider-padding-x-md: 40px;--gutenslider-padding-x-sm: 20px;--gutenslider-padding-y: 40px;--gutenslider-padding-y-md: 40px;--gutenslider-padding-y-sm: 20px;--gutenslider-arrow-size-md: 20px;--gutenslider-arrow-size-sm: 20px;--gutenslider-dot-size-md: 25px;--gutenslider-dot-size-sm: 25px;\" data-parallax-direction=\"bottom\" data-parallax-amount=\"1.3\"><div class=\"slick-slider\" data-slick={\"lazyload\":\"ondemand\",\"infinite\":true,\"pauseOnFocus\":true,\"pauseOnHover\":true,\"dots\":false,\"arrows\":true,\"autoplaySpeed\":3000,\"speed\":1000,\"autoplay\":false,\"fade\":false,\"pauseOnDotsHover\":true,\"slidesToShow\":1,\"slidesToScroll\":1,\"responsive\":[{\"breakpoint\":960,\"settings\":{\"dots\":false,\"arrows\":true,\"slidesToShow\":1,\"slidesToScroll\":1}},{\"breakpoint\":600,\"settings\":{\"dots\":false,\"arrows\":true,\"slidesToShow\":1,\"slidesToScroll\":1}}]}>\n\n<div class=\"wp-block-eedee-block-gutenslide vertical-align-center\"><div><div class=\"eedee-background-div\"><img loading=\"lazy\" width=\"1000\" height=\"725\" class=\"wp-image-603\" src=\"https:\/\/www.olekwitt.de\/wp-content\/uploads\/2020\/08\/Borsig12.jpg\" alt=\"\" style=\"object-fit:cover;object-position:50% 50%\" srcset=\"https:\/\/www.olekwitt.de\/wp-content\/uploads\/2020\/08\/Borsig12.jpg 1000w, https:\/\/www.olekwitt.de\/wp-content\/uploads\/2020\/08\/Borsig12-414x300.jpg 414w, https:\/\/www.olekwitt.de\/wp-content\/uploads\/2020\/08\/Borsig12-768x557.jpg 768w\" sizes=\"(max-width: 1000px) 100vw, 1000px\" \/><div class=\"eedee-background-div__overlay\" style=\"opacity:1\"><\/div><\/div><div class=\"slide-content\">\n<p class=\"has-text-align-center has-larger-font-size\"><\/p>\n<\/div><\/div><\/div>\n\n<\/div><\/div>\n\n\n<h3 id=\"die-soziale-realitat-in-der-wir-leben-gestaltet-uns-kunst-und-theaterkunst-bedeutet-diese-realitat-auf-brutale-und-zugleich-sensible-art-und-weise-zu-offenbaren-aber-auch-gleichzeitig-dieser-realitat-mit-eigenen-ideen-utopien-und-unseren-kunstlichen-gestaltungen-entgegenzuwirken\">Die soziale Realit\u00e4t, in der wir leben, gestaltet uns. Kunst und Theaterkunst bedeutet, diese Realit\u00e4t auf brutale und zugleich sensible Art und Weise zu offenbaren. Aber auch gleichzeitig dieser Realit\u00e4t mit eigenen Ideen, Utopien und unseren k\u00fcnstlichen Gestaltungen entgegenzuwirken.<\/h3>\n\n\n\n<figure class=\"wp-block-image size-large\"><img loading=\"lazy\" width=\"558\" height=\"800\" src=\"https:\/\/www.olekwitt.de\/wp-content\/uploads\/2020\/09\/Extraschicht-18-1-558x800.jpg\" alt=\"\" class=\"wp-image-611\" srcset=\"https:\/\/www.olekwitt.de\/wp-content\/uploads\/2020\/09\/Extraschicht-18-1-558x800.jpg 558w, https:\/\/www.olekwitt.de\/wp-content\/uploads\/2020\/09\/Extraschicht-18-1-209x300.jpg 209w, https:\/\/www.olekwitt.de\/wp-content\/uploads\/2020\/09\/Extraschicht-18-1-768x1101.jpg 768w, https:\/\/www.olekwitt.de\/wp-content\/uploads\/2020\/09\/Extraschicht-18-1-1600x2293.jpg 1600w, https:\/\/www.olekwitt.de\/wp-content\/uploads\/2020\/09\/Extraschicht-18-1-1072x1536.jpg 1072w, https:\/\/www.olekwitt.de\/wp-content\/uploads\/2020\/09\/Extraschicht-18-1-1429x2048.jpg 1429w, https:\/\/www.olekwitt.de\/wp-content\/uploads\/2020\/09\/Extraschicht-18-1.jpg 1613w\" sizes=\"(max-width: 558px) 100vw, 558px\" \/><figcaption>Industriekultur Extraschicht Phoenix west\n\u00a9 Knut Vahlensieck Ruhr Nachrichten\nAufnahmedatum 04.06..2005<\/figcaption><\/figure>\n\n\n\n<figure class=\"wp-block-image\"><img alt=\"\"\/><\/figure>\n","protected":false},"excerpt":{"rendered":"<p>Szymborska Projekt &#8222;Un-Ruhe&#8220; Performance 07.01.2023, 20 Uhr projekttheater Dresden https:\/\/www.projekttheater.de\/Spielplan\/2023\/Januar\/UN-RUHE.+NIE+SPOK%C3%93J._744.html &#8222;Das Theater ist eine Insel in einem Meer von Angst. Fr\u00fcher gab es Alt\u00e4re, auf denen Tiere und manchmal auch Menschen geschlachtet wurden gegen die Angst. Heute haben wir Theater, um die Angst auszusprechen und um sie gemeinsam zu \u00fcberwinden.&#8220; Krzysztof Warlikowski. Die soziale Realit\u00e4t, [&hellip;]<\/p>\n","protected":false},"author":5,"featured_media":0,"parent":0,"menu_order":0,"comment_status":"closed","ping_status":"closed","template":"","meta":[],"_links":{"self":[{"href":"http:\/\/www.olekwitt.de\/de\/wp-json\/wp\/v2\/pages\/62"}],"collection":[{"href":"http:\/\/www.olekwitt.de\/de\/wp-json\/wp\/v2\/pages"}],"about":[{"href":"http:\/\/www.olekwitt.de\/de\/wp-json\/wp\/v2\/types\/page"}],"author":[{"embeddable":true,"href":"http:\/\/www.olekwitt.de\/de\/wp-json\/wp\/v2\/users\/5"}],"replies":[{"embeddable":true,"href":"http:\/\/www.olekwitt.de\/de\/wp-json\/wp\/v2\/comments?post=62"}],"version-history":[{"count":44,"href":"http:\/\/www.olekwitt.de\/de\/wp-json\/wp\/v2\/pages\/62\/revisions"}],"predecessor-version":[{"id":776,"href":"http:\/\/www.olekwitt.de\/de\/wp-json\/wp\/v2\/pages\/62\/revisions\/776"}],"wp:attachment":[{"href":"http:\/\/www.olekwitt.de\/de\/wp-json\/wp\/v2\/media?parent=62"}],"curies":[{"name":"wp","href":"https:\/\/api.w.org\/{rel}","templated":true}]}}