{"id":129,"date":"2020-06-02T22:17:36","date_gmt":"2020-06-02T22:17:36","guid":{"rendered":"https:\/\/pk543.anzubei.net\/?page_id=129"},"modified":"2020-08-30T21:12:23","modified_gmt":"2020-08-30T21:12:23","slug":"kontakt","status":"publish","type":"page","link":"http:\/\/www.olekwitt.de\/de\/kontakt\/","title":{"rendered":"Kontakt"},"content":{"rendered":"\n<h1>Kontakt<\/h1>\n\n\n\n<p>Olek Konrad Witt<br>info@olekwitt.de<br><\/p>\n\n\n\n<h1 id=\"impressum\">Impressum<\/h1>\n\n\n\n<p>Olek Konrad Witt<br>Fichtenstr. 5<br>01097 Dresden<\/p>\n\n\n\n<h1 id=\"datenschutz\">Datenschutzerkl\u00e4rung<\/h1>\n\n\n\n<h4>Zugriffsdaten<\/h4>\n\n\n\n<p>Wir, der Websitebetreiber bzw. Seitenprovider, erheben aufgrund unseres berechtigten Interesses (s. Art. 6 Abs. 1 lit. f. DSGVO) Daten \u00fcber Zugriffe auf die Website und speichern diese als \u201cServer-Logfiles\u201d auf dem Server der Website ab. Folgende Daten werden so protokolliert:<\/p>\n\n\n\n<p>Besuchte Website<\/p>\n\n\n\n<p>Uhrzeit zum Zeitpunkt des Zugriffes<\/p>\n\n\n\n<p>Menge der gesendeten Daten in Byte<\/p>\n\n\n\n<p>Quelle\/Verweis, von welchem Sie auf die Seite gelangten<\/p>\n\n\n\n<p>Verwendeter Browser<\/p>\n\n\n\n<p>Verwendetes Betriebssystem<\/p>\n\n\n\n<p>Verwendete IP-Adresse<\/p>\n\n\n\n<p>Die Server-Logfiles werden f\u00fcr maximal 7 Tage gespeichert und anschlie\u00dfend gel\u00f6scht. Die Speicherung der Daten erfolgt aus Sicherheitsgr\u00fcnden, um z. B. Missbrauchsf\u00e4lle aufkl\u00e4ren zu k\u00f6nnen. M\u00fcssen Daten aus Beweisgr\u00fcnden aufgehoben werden, sind sie solange von der L\u00f6schung ausgenommen bis der Vorfall endg\u00fcltig gekl\u00e4rt ist.<\/p>\n\n\n\n<h4>Reichweitenmessung &amp; Cookies<\/h4>\n\n\n\n<p>Diese Website verwendet Cookies zur pseudonymisierten Reichweitenmessung, die entweder von unserem Server oder dem Server Dritter an den Browser des Nutzers \u00fcbertragen werden. Bei Cookies handelt es sich um kleine Dateien, welche auf Ihrem Endger\u00e4t gespeichert werden. Ihr Browser greift auf diese Dateien zu. Durch den Einsatz von Cookies erh\u00f6ht sich die Benutzerfreundlichkeit und Sicherheit dieser Website.<\/p>\n\n\n\n<p>Falls Sie nicht m\u00f6chten, dass Cookies zur Reichweitenmessung auf Ihrem Endger\u00e4t gespeichert werden, k\u00f6nnen Sie dem Einsatz dieser Dateien hier widersprechen:<\/p>\n\n\n\n<ul><li>Cookie-Deaktivierungsseite der Netzwerkwerbeinitiative: <a href=\"http:\/\/optout.networkadvertising.org\/?c=1#!\/\" target=\"_blank\" rel=\"noreferrer noopener\">http:\/\/optout.networkadvertising.org\/?c=1#!\/<\/a><\/li><li>Cookie-Deaktivierungsseite der US-amerikanischen Website: <a href=\"http:\/\/optout.aboutads.info\/?c=2#!\/\" target=\"_blank\" rel=\"noreferrer noopener\">http:\/\/optout.aboutads.info\/?c=2#!\/<\/a><\/li><li>Cookie-Deaktivierungsseite der europ\u00e4ischen Website: <a href=\"http:\/\/optout.networkadvertising.org\/?c=1#!\/\" target=\"_blank\" rel=\"noreferrer noopener\">http:\/\/optout.networkadvertising.org\/?c=1#!\/<\/a><\/li><\/ul>\n\n\n\n<p>G\u00e4ngige Browser bieten die Einstellungsoption, Cookies nicht zuzulassen. Hinweis: Es ist nicht gew\u00e4hrleistet, dass Sie auf alle Funktionen dieser Website ohne Einschr\u00e4nkungen zugreifen k\u00f6nnen, wenn Sie entsprechende Einstellungen vornehmen.<\/p>\n","protected":false},"excerpt":{"rendered":"<p>Kontakt Olek Konrad Wittinfo@olekwitt.de Impressum Olek Konrad WittFichtenstr. 501097 Dresden Datenschutzerkl\u00e4rung Zugriffsdaten Wir, der Websitebetreiber bzw. Seitenprovider, erheben aufgrund unseres berechtigten Interesses (s. Art. 6 Abs. 1 lit. f. DSGVO) Daten \u00fcber Zugriffe auf die Website und speichern diese als \u201cServer-Logfiles\u201d auf dem Server der Website ab. Folgende Daten werden so protokolliert: Besuchte Website Uhrzeit [&hellip;]<\/p>\n","protected":false},"author":1,"featured_media":0,"parent":0,"menu_order":0,"comment_status":"closed","ping_status":"closed","template":"","meta":[],"_links":{"self":[{"href":"http:\/\/www.olekwitt.de\/de\/wp-json\/wp\/v2\/pages\/129"}],"collection":[{"href":"http:\/\/www.olekwitt.de\/de\/wp-json\/wp\/v2\/pages"}],"about":[{"href":"http:\/\/www.olekwitt.de\/de\/wp-json\/wp\/v2\/types\/page"}],"author":[{"embeddable":true,"href":"http:\/\/www.olekwitt.de\/de\/wp-json\/wp\/v2\/users\/1"}],"replies":[{"embeddable":true,"href":"http:\/\/www.olekwitt.de\/de\/wp-json\/wp\/v2\/comments?post=129"}],"version-history":[{"count":15,"href":"http:\/\/www.olekwitt.de\/de\/wp-json\/wp\/v2\/pages\/129\/revisions"}],"predecessor-version":[{"id":608,"href":"http:\/\/www.olekwitt.de\/de\/wp-json\/wp\/v2\/pages\/129\/revisions\/608"}],"wp:attachment":[{"href":"http:\/\/www.olekwitt.de\/de\/wp-json\/wp\/v2\/media?parent=129"}],"curies":[{"name":"wp","href":"https:\/\/api.w.org\/{rel}","templated":true}]}}